{"id":17,"date":"2018-02-28T06:17:56","date_gmt":"2018-01-23T10:21:57","guid":{"rendered":"http:\/\/kasuari2.themesawesome.com\/reservation\/"},"modified":"2026-04-03T09:22:00","modified_gmt":"2026-04-03T09:22:00","slug":"rezervasyon","status":"publish","type":"page","link":"https:\/\/defnerestoran.com.tr\/en\/rezervasyon\/","title":{"rendered":"Reservation"},"content":{"rendered":"<div data-elementor-type=\"wp-post\" data-elementor-id=\"17\" class=\"elementor elementor-17\">\n\t\t\t\t\t\t<section class=\"elementor-section elementor-top-section elementor-element elementor-element-03effe3 elementor-section-boxed elementor-section-height-default elementor-section-height-default\" data-id=\"03effe3\" data-element_type=\"section\" data-e-type=\"section\" data-settings=\"{&quot;background_background&quot;:&quot;classic&quot;,&quot;shape_divider_bottom&quot;:&quot;tilt&quot;}\">\n\t\t\t\t\t\t\t<div class=\"elementor-background-overlay\"><\/div>\n\t\t\t\t\t\t<div class=\"elementor-shape elementor-shape-bottom\" aria-hidden=\"true\" data-negative=\"false\">\n\t\t\t<svg xmlns=\"http:\/\/www.w3.org\/2000\/svg\" viewbox=\"0 0 1000 100\" preserveaspectratio=\"none\">\n\t<path class=\"elementor-shape-fill\" d=\"M0,6V0h1000v100L0,6z\"\/>\n<\/svg>\t\t<\/div>\n\t\t\t\t\t<div class=\"elementor-container elementor-column-gap-no\">\n\t\t\t\t\t<div class=\"elementor-column elementor-col-100 elementor-top-column elementor-element elementor-element-f984485\" data-id=\"f984485\" data-element_type=\"column\" data-e-type=\"column\">\n\t\t\t<div class=\"elementor-widget-wrap elementor-element-populated\">\n\t\t\t\t\t\t<div class=\"elementor-element elementor-element-5f3be10 the-title-center elementor-widget elementor-widget-kasuari-head-title\" data-id=\"5f3be10\" data-element_type=\"widget\" data-e-type=\"widget\" data-widget_type=\"kasuari-head-title.default\">\n\t\t\t\t<div class=\"elementor-widget-container\">\n\t\t\t\t\t<div class=\"head-title head-title-8 text-center clearfix\">\r\n\t<h2 class=\"the-title\">\r\n\t\tReservation\t<\/h2>\r\n\t<\/div>\r\n\t\t\t\t\t\t<\/div>\n\t\t\t\t<\/div>\n\t\t\t\t\t<\/div>\n\t\t<\/div>\n\t\t\t\t\t<\/div>\n\t\t<\/section>\n\t\t\t\t<section class=\"elementor-section elementor-top-section elementor-element elementor-element-9f3c644 elementor-section-boxed elementor-section-height-default elementor-section-height-default\" data-id=\"9f3c644\" data-element_type=\"section\" data-e-type=\"section\" data-settings=\"{&quot;background_background&quot;:&quot;classic&quot;}\">\n\t\t\t\t\t\t<div class=\"elementor-container elementor-column-gap-no\">\n\t\t\t\t\t<div class=\"elementor-column elementor-col-100 elementor-top-column elementor-element elementor-element-fbe93ce\" data-id=\"fbe93ce\" data-element_type=\"column\" data-e-type=\"column\">\n\t\t\t<div class=\"elementor-widget-wrap elementor-element-populated\">\n\t\t\t\t\t\t<div class=\"elementor-element elementor-element-821a7e7 elementor-widget elementor-widget-image\" data-id=\"821a7e7\" data-element_type=\"widget\" data-e-type=\"widget\" data-widget_type=\"image.default\">\n\t\t\t\t\t\t\t\t\t\t\t\t\t\t\t<img decoding=\"async\" width=\"98\" height=\"60\" src=\"https:\/\/defnerestoran.com.tr\/wp-content\/uploads\/2026\/03\/Asset-3@2x-3.png\" class=\"attachment-thumbnail size-thumbnail wp-image-1508\" alt=\"\" \/>\t\t\t\t\t\t\t\t\t\t\t\t\t\t\t<\/div>\n\t\t\t\t<div class=\"elementor-element elementor-element-3955572 the-title-center elementor-widget elementor-widget-kasuari-head-title\" data-id=\"3955572\" data-element_type=\"widget\" data-e-type=\"widget\" data-widget_type=\"kasuari-head-title.default\">\n\t\t\t\t<div class=\"elementor-widget-container\">\n\t\t\t\t\t<div class=\"head-title head-title-7 text-center clearfix\">\r\n\t<h2 class=\"the-title\">\r\n\t\tReservation Form\t\t\t<\/h2>\r\n<\/div>\r\n\t\t\t\t\t\t<\/div>\n\t\t\t\t<\/div>\n\t\t\t\t\t<\/div>\n\t\t<\/div>\n\t\t\t\t\t<\/div>\n\t\t<\/section>\n\t\t\t\t<section class=\"elementor-section elementor-top-section elementor-element elementor-element-2f7eae6 elementor-reverse-mobile elementor-section-boxed elementor-section-height-default elementor-section-height-default\" data-id=\"2f7eae6\" data-element_type=\"section\" data-e-type=\"section\" data-settings=\"{&quot;background_background&quot;:&quot;classic&quot;}\">\n\t\t\t\t\t\t<div class=\"elementor-container elementor-column-gap-no\">\n\t\t\t\t\t<div class=\"elementor-column elementor-col-50 elementor-top-column elementor-element elementor-element-6fee5c8\" data-id=\"6fee5c8\" data-element_type=\"column\" data-e-type=\"column\">\n\t\t\t<div class=\"elementor-widget-wrap elementor-element-populated\">\n\t\t\t\t\t\t<section class=\"elementor-section elementor-inner-section elementor-element elementor-element-6c7b3db elementor-section-boxed elementor-section-height-default elementor-section-height-default\" data-id=\"6c7b3db\" data-element_type=\"section\" data-e-type=\"section\" data-settings=\"{&quot;background_background&quot;:&quot;classic&quot;}\">\n\t\t\t\t\t\t<div class=\"elementor-container elementor-column-gap-no\">\n\t\t\t\t\t<div class=\"elementor-column elementor-col-100 elementor-inner-column elementor-element elementor-element-d556bb7\" data-id=\"d556bb7\" data-element_type=\"column\" data-e-type=\"column\">\n\t\t\t<div class=\"elementor-widget-wrap elementor-element-populated\">\n\t\t\t\t\t\t<div class=\"elementor-element elementor-element-a412d36 elementor-widget elementor-widget-kasuari-contact-form\" data-id=\"a412d36\" data-element_type=\"widget\" data-e-type=\"widget\" data-widget_type=\"kasuari-contact-form.default\">\n\t\t\t\t<div class=\"elementor-widget-container\">\n\t\t\t\t\t\r\n<div class=\"kasuari-contact-form\">\r\n\n<div class=\"wpcf7 no-js\" id=\"wpcf7-f114-o1\" lang=\"en-US\" dir=\"ltr\" data-wpcf7-id=\"114\">\n<div class=\"screen-reader-response\"><p role=\"status\" aria-live=\"polite\" aria-atomic=\"true\"><\/p> <ul><\/ul><\/div>\n<form action=\"\/en\/wp-json\/wp\/v2\/pages\/17#wpcf7-f114-o1\" method=\"post\" class=\"wpcf7-form init\" aria-label=\"Contact form\" novalidate=\"novalidate\" data-status=\"init\" data-trp-original-action=\"\/en\/wp-json\/wp\/v2\/pages\/17#wpcf7-f114-o1\">\n<fieldset class=\"hidden-fields-container\"><input type=\"hidden\" name=\"_wpcf7\" value=\"114\" \/><input type=\"hidden\" name=\"_wpcf7_version\" value=\"6.1.5\" \/><input type=\"hidden\" name=\"_wpcf7_locale\" value=\"en_US\" \/><input type=\"hidden\" name=\"_wpcf7_unit_tag\" value=\"wpcf7-f114-o1\" \/><input type=\"hidden\" name=\"_wpcf7_container_post\" value=\"0\" \/><input type=\"hidden\" name=\"_wpcf7_posted_data_hash\" value=\"\" \/>\n<\/fieldset>\n<div class=\"booking-form contact-form-style-3 dark\">\n\t<div class=\"book-2-col clearfix\">\n\t\t<div class=\"contact-bordered item-column first-mar clearfix\">\n\t\t\t<p><span class=\"wpcf7-form-control-wrap\" data-name=\"your-name\"><input size=\"40\" maxlength=\"400\" class=\"wpcf7-form-control wpcf7-text wpcf7-validates-as-required\" aria-required=\"true\" aria-invalid=\"false\" placeholder=\"Name Surname\" value=\"\" type=\"text\" name=\"your-name\" \/><\/span>\n\t\t\t<\/p>\n\t\t<\/div>\n\t\t<div class=\"contact-bordered item-column sec-mar clearfix\">\n\t\t\t<p><span class=\"wpcf7-form-control-wrap\" data-name=\"your-email\"><input size=\"40\" maxlength=\"400\" class=\"wpcf7-form-control wpcf7-email wpcf7-validates-as-required wpcf7-text wpcf7-validates-as-email\" aria-required=\"true\" aria-invalid=\"false\" placeholder=\"Email\" value=\"\" type=\"email\" name=\"your-email\" \/><\/span>\n\t\t\t<\/p>\n\t\t<\/div>\n\t\t<div class=\"contact-bordered item-column first-mar clearfix\">\n\t\t\t<p><span class=\"wpcf7-form-control-wrap\" data-name=\"telephone\"><input size=\"40\" maxlength=\"400\" class=\"wpcf7-form-control wpcf7-tel wpcf7-validates-as-required wpcf7-text wpcf7-validates-as-tel\" aria-required=\"true\" aria-invalid=\"false\" placeholder=\"Telephone\" value=\"\" type=\"tel\" name=\"telephone\" \/><\/span>\n\t\t\t<\/p>\n\t\t<\/div>\n\t\t<div class=\"book-2-col clearfix\">\n\t\t\t<div class=\"contact-bordered item-column sec-mar clearfix\">\n\t\t\t\t<p><span class=\"wpcf7-form-control-wrap\" data-name=\"date-889\"><input class=\"wpcf7-form-control wpcf7-date wpcf7-validates-as-date\" min=\"2026-05-13\" aria-invalid=\"false\" value=\"\" type=\"date\" name=\"date-889\" \/><\/span>\n\t\t\t\t<\/p>\n\t\t\t<\/div>\n\t\t<\/div>\n\t\t<div class=\"contact-bordered item-column first-mar clearfix\">\n\t\t\t<p><span class=\"wpcf7-form-control-wrap\" data-name=\"room-type\"><select class=\"wpcf7-form-control wpcf7-select\" aria-invalid=\"false\" name=\"room-type\"><option value=\"1 Ki\u015fi\">1 Person<\/option><option value=\"2 Ki\u015fi\">2 Person<\/option><option value=\"3 Ki\u015fi\">3 Person<\/option><option value=\"4 Ki\u015fi\">4 Person<\/option><option value=\"5 Ki\u015fi\">5 Person<\/option><option value=\"6 Ki\u015fi\">6 Person<\/option><option value=\"7 Ki\u015fi\">7 Person<\/option><option value=\"8 Ki\u015fi\">8 Person<\/option><option value=\"9 Ki\u015fi\">9 Person<\/option><option value=\"10+ Ki\u015fi\">10+ Person<\/option><\/select><\/span>\n\t\t\t<\/p>\n\t\t<\/div>\n\t\t<div class=\"contact-bordered item-column sec-mar clearfix\">\n\t\t\t<p><span class=\"wpcf7-form-control-wrap\" data-name=\"select-523\"><select class=\"wpcf7-form-control wpcf7-select\" aria-invalid=\"false\" name=\"select-523\"><option value=\"Rezervasyon Tercihi\">Reservation Preference<\/option><option value=\"Evlilik Teklifi\">Marriage Proposal<\/option><option value=\"Do\u011fum G\u00fcn\u00fc\">Birthday<\/option><option value=\"\u0130\u015f Yeme\u011fi\">Business Lunch<\/option><option value=\"Y\u0131l D\u00f6n\u00fcm\u00fc\">Anniversary<\/option><option value=\"Kutlama\">Celebration<\/option><option value=\"Di\u011fer\">Other<\/option><\/select><\/span>\n\t\t\t<\/p>\n\t\t<\/div>\n\t<\/div>\n\t<div class=\"book-2-col clearfix\">\n\t\t<div class=\"contact-bordered item-column first-mar clearfix\">\n\t\t\t<p><span class=\"wpcf7-form-control-wrap\" data-name=\"select-500\"><select class=\"wpcf7-form-control wpcf7-select\" aria-invalid=\"false\" name=\"select-500\"><option value=\"Alan Tercihi\">Field of Study Preference<\/option><option value=\"Sigara i\u00e7ilebilir alan\">Smoking Area<\/option><option value=\"Sigara i\u00e7ilmeyen alan\">Non-smoking area<\/option><option value=\"Farketmez\">It doesn't matter<\/option><\/select><\/span>\n\t\t\t<\/p>\n\t\t<\/div>\n\t\t<div class=\"contact-bordered item-column sec-mar clearfix\">\n\t\t\t<p><span class=\"wpcf7-form-control-wrap\" data-name=\"saat\"><input size=\"40\" maxlength=\"400\" class=\"wpcf7-form-control wpcf7-text wpcf7-validates-as-required\" aria-required=\"true\" aria-invalid=\"false\" placeholder=\"Saat\" value=\"\" type=\"text\" name=\"saat\" \/><\/span>\n\t\t\t<\/p>\n\t\t<\/div>\n\t<\/div>\n\t<div class=\"contact-bordered textarea-type clearfix\">\n\t\t<p><span class=\"wpcf7-form-control-wrap\" data-name=\"text-comment\"><textarea cols=\"40\" rows=\"10\" maxlength=\"2000\" class=\"wpcf7-form-control wpcf7-textarea\" aria-invalid=\"false\" placeholder=\"Your message: * Please let us know if you have any allergies.\" name=\"text-comment\"><\/textarea><\/span>\n\t\t<\/p>\n\t<\/div>\n\t<div class=\"chck\">\n\t\t<p><span class=\"wpcf7-form-control-wrap\" data-name=\"acceptance-539\"><span class=\"wpcf7-form-control wpcf7-acceptance\"><span class=\"wpcf7-list-item\"><label><input type=\"checkbox\" name=\"acceptance-539\" value=\"1\" aria-invalid=\"false\" \/><span class=\"wpcf7-list-item-label\">I consent to Defne Restaurant <a href:=\"#\">Commercial Electronic Communication<\/a> processing my data within the scope of the<\/span><\/label><\/span><\/span><\/span>\n\t\t<\/p>\n\t<\/div>\n\t<div class=\"contact-submit clearfix\">\n\t\t<p><input class=\"wpcf7-form-control wpcf7-submit has-spinner\" type=\"submit\" value=\"Send\" \/>\n\t\t<\/p>\n\t<\/div>\n<\/div><input type='hidden' class='wpcf7-pum' value='{\"closepopup\":false,\"closedelay\":0,\"openpopup\":false,\"openpopup_id\":0}' \/><div class=\"wpcf7-response-output\" aria-hidden=\"true\"><\/div>\n<input type=\"hidden\" name=\"trp-form-language\" value=\"en\"\/><\/form>\n<\/div>\n<\/div>\r\n\r\n\t\t\t\t<\/div>\n\t\t\t\t<\/div>\n\t\t\t\t\t<\/div>\n\t\t<\/div>\n\t\t\t\t\t<\/div>\n\t\t<\/section>\n\t\t\t\t\t<\/div>\n\t\t<\/div>\n\t\t\t\t<div class=\"elementor-column elementor-col-50 elementor-top-column elementor-element elementor-element-7296d57\" data-id=\"7296d57\" data-element_type=\"column\" data-e-type=\"column\">\n\t\t\t<div class=\"elementor-widget-wrap elementor-element-populated\">\n\t\t\t\t\t\t<div class=\"elementor-element elementor-element-7998701 the-title-left elementor-widget elementor-widget-kasuari-head-title\" data-id=\"7998701\" data-element_type=\"widget\" data-e-type=\"widget\" data-widget_type=\"kasuari-head-title.default\">\n\t\t\t\t<div class=\"elementor-widget-container\">\n\t\t\t\t\t<div class=\"head-title head-title-2 text-left clearfix\">\r\n\t<h2 class=\"the-title\">\r\n\t\t\t\tWORKING HOURS\t<\/h2>\r\n<\/div>\r\n\t\t\t\t\t\t<\/div>\n\t\t\t\t<\/div>\n\t\t\t\t<div class=\"elementor-element elementor-element-8179b47 elementor-widget elementor-widget-kasuari-text\" data-id=\"8179b47\" data-element_type=\"widget\" data-e-type=\"widget\" data-widget_type=\"kasuari-text.default\">\n\t\t\t\t<div class=\"elementor-widget-container\">\n\t\t\t\t\t<div class=\"kasuari-text clearfix\">\r\n<table><tbody><tr><td>Monday<\/td><td>CLOSED<\/td><\/tr><tr><td>Tuesday<\/td><td>12:00-24:00<\/td><\/tr><tr><td>Wednesday<\/td><td>12:00-24:00<\/td><\/tr><tr><td>Thursday<\/td><td>12:00-24:00<\/td><\/tr><tr><td>Friday<\/td><td>12:00-24:00<\/td><\/tr><tr><td>Saturday<\/td><td>12:00-24:00<\/td><\/tr><tr><td>Sunday<\/td><td>09:00-24:00<\/td><\/tr><\/tbody><\/table><\/div>\t\t\t\t<\/div>\n\t\t\t\t<\/div>\n\t\t\t\t<div class=\"elementor-element elementor-element-be02d14 the-title-left elementor-widget elementor-widget-kasuari-head-title\" data-id=\"be02d14\" data-element_type=\"widget\" data-e-type=\"widget\" data-widget_type=\"kasuari-head-title.default\">\n\t\t\t\t<div class=\"elementor-widget-container\">\n\t\t\t\t\t<div class=\"head-title head-title-2 text-left clearfix\">\r\n\t<h2 class=\"the-title\">\r\n\t\t\t\tReservation support\t<\/h2>\r\n<\/div>\r\n\t\t\t\t\t\t<\/div>\n\t\t\t\t<\/div>\n\t\t\t\t<div class=\"elementor-element elementor-element-838968a elementor-widget elementor-widget-kasuari-text\" data-id=\"838968a\" data-element_type=\"widget\" data-e-type=\"widget\" data-widget_type=\"kasuari-text.default\">\n\t\t\t\t<div class=\"elementor-widget-container\">\n\t\t\t\t\t<div class=\"kasuari-text clearfix\">\r\n<p><strong>Address<\/strong> Address: Adnan Kahveci Mh. Sayaca Cd. Selma Sk. Ya\u015fam Vadisi Park \u0130\u00e7i Beylikd\u00fcz\u00fc, Istanbul<br \/><strong>Phone:<\/strong><br \/>+90 212 855 86 00<br \/>+90 212 855 85 76<br \/>+90 535 206 08 50<br \/><strong>Email:\u00a0<\/strong>info@defnerestoran.com<\/p><\/div>\t\t\t\t<\/div>\n\t\t\t\t<\/div>\n\t\t\t\t\t<\/div>\n\t\t<\/div>\n\t\t\t\t\t<\/div>\n\t\t<\/section>\n\t\t\t\t<section class=\"elementor-section elementor-top-section elementor-element elementor-element-7740bc7b elementor-section-full_width elementor-section-height-default elementor-section-height-default\" data-id=\"7740bc7b\" data-element_type=\"section\" data-e-type=\"section\" data-settings=\"{&quot;background_background&quot;:&quot;classic&quot;}\">\n\t\t\t\t\t\t<div class=\"elementor-container elementor-column-gap-no\">\n\t\t\t\t\t<div class=\"elementor-column elementor-col-100 elementor-top-column elementor-element elementor-element-9280401\" data-id=\"9280401\" data-element_type=\"column\" data-e-type=\"column\">\n\t\t\t<div class=\"elementor-widget-wrap elementor-element-populated\">\n\t\t\t\t\t\t<div class=\"elementor-element elementor-element-7b204c17 the-title-center elementor-widget elementor-widget-kasuari-head-title\" data-id=\"7b204c17\" data-element_type=\"widget\" data-e-type=\"widget\" data-widget_type=\"kasuari-head-title.default\">\n\t\t\t\t<div class=\"elementor-widget-container\">\n\t\t\t\t\t<div class=\"head-title head-title-2 text-center clearfix\">\r\n\t<h2 class=\"the-title\">\r\n\t\t\t\tBizi Takip Edin @ defnerestorantr\t<\/h2>\r\n<\/div>\r\n\t\t\t\t\t\t<\/div>\n\t\t\t\t<\/div>\n\t\t\t\t\t<\/div>\n\t\t<\/div>\n\t\t\t\t\t<\/div>\n\t\t<\/section>\n\t\t\t\t<\/div>","protected":false},"excerpt":{"rendered":"","protected":false},"author":1,"featured_media":1924,"parent":0,"menu_order":0,"comment_status":"closed","ping_status":"closed","template":"template\/page-builder-template.php","meta":{"inline_featured_image":false,"_monsterinsights_skip_tracking":false,"_monsterinsights_sitenote_active":false,"_monsterinsights_sitenote_note":"","_monsterinsights_sitenote_category":0,"footnotes":""},"class_list":["post-17","page","type-page","status-publish","has-post-thumbnail","hentry"],"acf":[],"aioseo_notices":[],"_hostinger_reach_plugin_has_subscription_block":false,"_hostinger_reach_plugin_is_elementor":false,"_links":{"self":[{"href":"https:\/\/defnerestoran.com.tr\/en\/wp-json\/wp\/v2\/pages\/17","targetHints":{"allow":["GET"]}}],"collection":[{"href":"https:\/\/defnerestoran.com.tr\/en\/wp-json\/wp\/v2\/pages"}],"about":[{"href":"https:\/\/defnerestoran.com.tr\/en\/wp-json\/wp\/v2\/types\/page"}],"author":[{"embeddable":true,"href":"https:\/\/defnerestoran.com.tr\/en\/wp-json\/wp\/v2\/users\/1"}],"replies":[{"embeddable":true,"href":"https:\/\/defnerestoran.com.tr\/en\/wp-json\/wp\/v2\/comments?post=17"}],"version-history":[{"count":43,"href":"https:\/\/defnerestoran.com.tr\/en\/wp-json\/wp\/v2\/pages\/17\/revisions"}],"predecessor-version":[{"id":2050,"href":"https:\/\/defnerestoran.com.tr\/en\/wp-json\/wp\/v2\/pages\/17\/revisions\/2050"}],"wp:featuredmedia":[{"embeddable":true,"href":"https:\/\/defnerestoran.com.tr\/en\/wp-json\/wp\/v2\/media\/1924"}],"wp:attachment":[{"href":"https:\/\/defnerestoran.com.tr\/en\/wp-json\/wp\/v2\/media?parent=17"}],"curies":[{"name":"wp","href":"https:\/\/api.w.org\/{rel}","templated":true}]}}