{"id":19,"date":"2018-02-28T06:17:56","date_gmt":"2018-01-23T08:52:32","guid":{"rendered":"http:\/\/kasuari2.themesawesome.com\/menus\/"},"modified":"2026-04-03T09:22:28","modified_gmt":"2026-04-03T09:22:28","slug":"menuler","status":"publish","type":"page","link":"https:\/\/defnerestoran.com.tr\/en\/menuler\/","title":{"rendered":"Menus"},"content":{"rendered":"<div data-elementor-type=\"wp-post\" data-elementor-id=\"19\" class=\"elementor elementor-19\">\n\t\t\t\t\t\t<section class=\"elementor-section elementor-top-section elementor-element elementor-element-1306bfb1 elementor-section-boxed elementor-section-height-default elementor-section-height-default\" data-id=\"1306bfb1\" data-element_type=\"section\" data-e-type=\"section\" data-settings=\"{&quot;background_background&quot;:&quot;classic&quot;,&quot;shape_divider_bottom&quot;:&quot;tilt&quot;}\">\n\t\t\t\t\t\t\t<div class=\"elementor-background-overlay\"><\/div>\n\t\t\t\t\t\t<div class=\"elementor-shape elementor-shape-bottom\" aria-hidden=\"true\" data-negative=\"false\">\n\t\t\t<svg xmlns=\"http:\/\/www.w3.org\/2000\/svg\" viewbox=\"0 0 1000 100\" preserveaspectratio=\"none\">\n\t<path class=\"elementor-shape-fill\" d=\"M0,6V0h1000v100L0,6z\"\/>\n<\/svg>\t\t<\/div>\n\t\t\t\t\t<div class=\"elementor-container elementor-column-gap-no\">\n\t\t\t\t\t<div class=\"elementor-column elementor-col-100 elementor-top-column elementor-element elementor-element-44e91e8b\" data-id=\"44e91e8b\" data-element_type=\"column\" data-e-type=\"column\">\n\t\t\t<div class=\"elementor-widget-wrap elementor-element-populated\">\n\t\t\t\t\t\t<section class=\"elementor-section elementor-inner-section elementor-element elementor-element-59ff2389 elementor-section-boxed elementor-section-height-default elementor-section-height-default\" data-id=\"59ff2389\" data-element_type=\"section\" data-e-type=\"section\">\n\t\t\t\t\t\t<div class=\"elementor-container elementor-column-gap-no\">\n\t\t\t\t\t<div class=\"elementor-column elementor-col-100 elementor-inner-column elementor-element elementor-element-6e3d71e9\" data-id=\"6e3d71e9\" data-element_type=\"column\" data-e-type=\"column\">\n\t\t\t<div class=\"elementor-widget-wrap elementor-element-populated\">\n\t\t\t\t\t\t<div class=\"elementor-element elementor-element-545b479 the-title-center elementor-widget elementor-widget-kasuari-head-title\" data-id=\"545b479\" data-element_type=\"widget\" data-e-type=\"widget\" data-widget_type=\"kasuari-head-title.default\">\n\t\t\t\t<div class=\"elementor-widget-container\">\n\t\t\t\t\t<div class=\"head-title head-title-8 text-center clearfix\">\r\n\t<h2 class=\"the-title\">\r\n\t\tMenus\t<\/h2>\r\n\t<\/div>\r\n\t\t\t\t\t\t<\/div>\n\t\t\t\t<\/div>\n\t\t\t\t\t<\/div>\n\t\t<\/div>\n\t\t\t\t\t<\/div>\n\t\t<\/section>\n\t\t\t\t\t<\/div>\n\t\t<\/div>\n\t\t\t\t\t<\/div>\n\t\t<\/section>\n\t\t\t\t<section class=\"elementor-section elementor-top-section elementor-element elementor-element-b3d6984 elementor-section-boxed elementor-section-height-default elementor-section-height-default\" data-id=\"b3d6984\" data-element_type=\"section\" data-e-type=\"section\" data-settings=\"{&quot;background_background&quot;:&quot;classic&quot;,&quot;shape_divider_top&quot;:&quot;tilt&quot;}\">\n\t\t\t\t\t\t\t<div class=\"elementor-background-overlay\"><\/div>\n\t\t\t\t\t\t<div class=\"elementor-shape elementor-shape-top\" aria-hidden=\"true\" data-negative=\"false\">\n\t\t\t<svg xmlns=\"http:\/\/www.w3.org\/2000\/svg\" viewbox=\"0 0 1000 100\" preserveaspectratio=\"none\">\n\t<path class=\"elementor-shape-fill\" d=\"M0,6V0h1000v100L0,6z\"\/>\n<\/svg>\t\t<\/div>\n\t\t\t\t\t<div class=\"elementor-container elementor-column-gap-no\">\n\t\t\t\t\t<div class=\"elementor-column elementor-col-100 elementor-top-column elementor-element elementor-element-7aac3f73\" data-id=\"7aac3f73\" data-element_type=\"column\" data-e-type=\"column\">\n\t\t\t<div class=\"elementor-widget-wrap elementor-element-populated\">\n\t\t\t\t\t\t<div class=\"elementor-element elementor-element-86d8122 elementor-widget elementor-widget-image\" data-id=\"86d8122\" data-element_type=\"widget\" data-e-type=\"widget\" data-widget_type=\"image.default\">\n\t\t\t\t\t\t\t\t\t\t\t\t\t\t\t<img decoding=\"async\" width=\"98\" height=\"60\" src=\"https:\/\/defnerestoran.com.tr\/wp-content\/uploads\/2026\/03\/Asset-3@2x-3.png\" class=\"attachment-thumbnail size-thumbnail wp-image-1508\" alt=\"\" \/>\t\t\t\t\t\t\t\t\t\t\t\t\t\t\t<\/div>\n\t\t\t\t<div class=\"elementor-element elementor-element-43588996 the-title-center elementor-widget elementor-widget-kasuari-head-title\" data-id=\"43588996\" data-element_type=\"widget\" data-e-type=\"widget\" data-widget_type=\"kasuari-head-title.default\">\n\t\t\t\t<div class=\"elementor-widget-container\">\n\t\t\t\t\t<div class=\"head-title head-title-7 text-center clearfix\">\r\n\t<h2 class=\"the-title\">\r\n\t\tmenu options\t\t\t<\/h2>\r\n<\/div>\r\n\t\t\t\t\t\t<\/div>\n\t\t\t\t<\/div>\n\t\t\t\t<section class=\"elementor-section elementor-inner-section elementor-element elementor-element-3226b0f7 elementor-section-boxed elementor-section-height-default elementor-section-height-default\" data-id=\"3226b0f7\" data-element_type=\"section\" data-e-type=\"section\">\n\t\t\t\t\t\t<div class=\"elementor-container elementor-column-gap-no\">\n\t\t\t\t\t<div class=\"elementor-column elementor-col-25 elementor-inner-column elementor-element elementor-element-761d0881\" data-id=\"761d0881\" data-element_type=\"column\" data-e-type=\"column\">\n\t\t\t<div class=\"elementor-widget-wrap elementor-element-populated\">\n\t\t\t\t\t\t<div class=\"elementor-element elementor-element-34146da7 elementor-position-top elementor-widget elementor-widget-image-box\" data-id=\"34146da7\" data-element_type=\"widget\" data-e-type=\"widget\" data-widget_type=\"image-box.default\">\n\t\t\t\t\t<div class=\"elementor-image-box-wrapper\"><figure class=\"elementor-image-box-img\"><a href=\"https:\/\/defnerestoran.com.tr\/en\/ana-menu\/\" tabindex=\"-1\"><img decoding=\"async\" width=\"177\" height=\"114\" src=\"https:\/\/defnerestoran.com.tr\/wp-content\/uploads\/2026\/03\/anamenu.png\" class=\"attachment-full size-full wp-image-546\" alt=\"\" \/><\/a><\/figure><div class=\"elementor-image-box-content\"><h3 class=\"elementor-image-box-title\"><a href=\"https:\/\/defnerestoran.com.tr\/en\/ana-menu\/\">Main Menu<\/a><\/h3><p class=\"elementor-image-box-description\">Starters, Salads, Appetizers, Grilled Pastas.<\/p><\/div><\/div>\t\t\t\t<\/div>\n\t\t\t\t\t<\/div>\n\t\t<\/div>\n\t\t\t\t<div class=\"elementor-column elementor-col-25 elementor-inner-column elementor-element elementor-element-628a24a7\" data-id=\"628a24a7\" data-element_type=\"column\" data-e-type=\"column\">\n\t\t\t<div class=\"elementor-widget-wrap elementor-element-populated\">\n\t\t\t\t\t\t<div class=\"elementor-element elementor-element-1bbc7793 elementor-position-top elementor-widget elementor-widget-image-box\" data-id=\"1bbc7793\" data-element_type=\"widget\" data-e-type=\"widget\" data-widget_type=\"image-box.default\">\n\t\t\t\t\t<div class=\"elementor-image-box-wrapper\"><figure class=\"elementor-image-box-img\"><a href=\"https:\/\/defnerestoran.com.tr\/en\/alkol-menu\/\" tabindex=\"-1\"><img decoding=\"async\" width=\"177\" height=\"114\" src=\"https:\/\/defnerestoran.com.tr\/wp-content\/uploads\/2026\/03\/alkol-menuu.png\" class=\"attachment-full size-full wp-image-544\" alt=\"\" \/><\/a><\/figure><div class=\"elementor-image-box-content\"><h3 class=\"elementor-image-box-title\"><a href=\"https:\/\/defnerestoran.com.tr\/en\/alkol-menu\/\">Alkol<\/a><\/h3><p class=\"elementor-image-box-description\">Local and international drinks. Offers enjoyable options.<\/p><\/div><\/div>\t\t\t\t<\/div>\n\t\t\t\t\t<\/div>\n\t\t<\/div>\n\t\t\t\t<div class=\"elementor-column elementor-col-25 elementor-inner-column elementor-element elementor-element-58637191\" data-id=\"58637191\" data-element_type=\"column\" data-e-type=\"column\">\n\t\t\t<div class=\"elementor-widget-wrap elementor-element-populated\">\n\t\t\t\t\t\t<div class=\"elementor-element elementor-element-40df932d elementor-position-top elementor-widget elementor-widget-image-box\" data-id=\"40df932d\" data-element_type=\"widget\" data-e-type=\"widget\" data-widget_type=\"image-box.default\">\n\t\t\t\t\t<div class=\"elementor-image-box-wrapper\"><figure class=\"elementor-image-box-img\"><a href=\"https:\/\/defnerestoran.com.tr\/en\/kahvalti-menu\/\" tabindex=\"-1\"><img loading=\"lazy\" decoding=\"async\" width=\"176\" height=\"107\" src=\"https:\/\/defnerestoran.com.tr\/wp-content\/uploads\/2018\/02\/steak-black.png\" class=\"attachment-full size-full wp-image-121\" alt=\"\" \/><\/a><\/figure><div class=\"elementor-image-box-content\"><h3 class=\"elementor-image-box-title\"><a href=\"https:\/\/defnerestoran.com.tr\/en\/kahvalti-menu\/\">Breakfast <\/a><\/h3><p class=\"elementor-image-box-description\">Buffet, \u00e0 la carte breakfast, and hot breakfast options.<\/p><\/div><\/div>\t\t\t\t<\/div>\n\t\t\t\t\t<\/div>\n\t\t<\/div>\n\t\t\t\t<div class=\"elementor-column elementor-col-25 elementor-inner-column elementor-element elementor-element-6367d0c7\" data-id=\"6367d0c7\" data-element_type=\"column\" data-e-type=\"column\">\n\t\t\t<div class=\"elementor-widget-wrap elementor-element-populated\">\n\t\t\t\t\t\t<div class=\"elementor-element elementor-element-1c401cf3 elementor-position-top elementor-widget elementor-widget-image-box\" data-id=\"1c401cf3\" data-element_type=\"widget\" data-e-type=\"widget\" data-widget_type=\"image-box.default\">\n\t\t\t\t\t<div class=\"elementor-image-box-wrapper\"><figure class=\"elementor-image-box-img\"><a href=\"https:\/\/defnerestoran.com.tr\/en\/kokteyl-menu\/\" tabindex=\"-1\"><img loading=\"lazy\" decoding=\"async\" width=\"177\" height=\"114\" src=\"https:\/\/defnerestoran.com.tr\/wp-content\/uploads\/2026\/03\/kaktely.png\" class=\"attachment-full size-full wp-image-545\" alt=\"\" \/><\/a><\/figure><div class=\"elementor-image-box-content\"><h3 class=\"elementor-image-box-title\"><a href=\"https:\/\/defnerestoran.com.tr\/en\/kokteyl-menu\/\">Kokteyl<\/a><\/h3><p class=\"elementor-image-box-description\">Moctails, Classic Cocktails, Defne, Signature Cocktails<\/p><\/div><\/div>\t\t\t\t<\/div>\n\t\t\t\t\t<\/div>\n\t\t<\/div>\n\t\t\t\t\t<\/div>\n\t\t<\/section>\n\t\t\t\t\t<\/div>\n\t\t<\/div>\n\t\t\t\t\t<\/div>\n\t\t<\/section>\n\t\t\t\t<\/div>","protected":false},"excerpt":{"rendered":"<p>Ana Men\u00fc Ba\u015flang\u0131\u00e7lar Salatalar Mezeler Izgara Makarnalar. Alkol Yerli ve yabanc\u0131 i\u00e7kiler. Keyifli se\u00e7enekler sunmaktad\u0131r. Kahvalt\u0131 A\u00e7\u0131k b\u00fcfe, serpme kahvalt\u0131, s\u0131cak kahvalt\u0131l\u0131k se\u00e7enekleri Kokteyl Moctails, Classic Cocktails, Defne, Signature Cocktails<\/p>","protected":false},"author":1,"featured_media":438,"parent":0,"menu_order":0,"comment_status":"closed","ping_status":"closed","template":"template\/page-builder-template.php","meta":{"inline_featured_image":false,"_monsterinsights_skip_tracking":false,"_monsterinsights_sitenote_active":false,"_monsterinsights_sitenote_note":"","_monsterinsights_sitenote_category":0,"footnotes":""},"class_list":["post-19","page","type-page","status-publish","has-post-thumbnail","hentry"],"acf":[],"aioseo_notices":[],"_hostinger_reach_plugin_has_subscription_block":false,"_hostinger_reach_plugin_is_elementor":false,"_links":{"self":[{"href":"https:\/\/defnerestoran.com.tr\/en\/wp-json\/wp\/v2\/pages\/19","targetHints":{"allow":["GET"]}}],"collection":[{"href":"https:\/\/defnerestoran.com.tr\/en\/wp-json\/wp\/v2\/pages"}],"about":[{"href":"https:\/\/defnerestoran.com.tr\/en\/wp-json\/wp\/v2\/types\/page"}],"author":[{"embeddable":true,"href":"https:\/\/defnerestoran.com.tr\/en\/wp-json\/wp\/v2\/users\/1"}],"replies":[{"embeddable":true,"href":"https:\/\/defnerestoran.com.tr\/en\/wp-json\/wp\/v2\/comments?post=19"}],"version-history":[{"count":82,"href":"https:\/\/defnerestoran.com.tr\/en\/wp-json\/wp\/v2\/pages\/19\/revisions"}],"predecessor-version":[{"id":1759,"href":"https:\/\/defnerestoran.com.tr\/en\/wp-json\/wp\/v2\/pages\/19\/revisions\/1759"}],"wp:featuredmedia":[{"embeddable":true,"href":"https:\/\/defnerestoran.com.tr\/en\/wp-json\/wp\/v2\/media\/438"}],"wp:attachment":[{"href":"https:\/\/defnerestoran.com.tr\/en\/wp-json\/wp\/v2\/media?parent=19"}],"curies":[{"name":"wp","href":"https:\/\/api.w.org\/{rel}","templated":true}]}}