{"id":6,"date":"2018-02-28T06:17:53","date_gmt":"2018-01-23T10:23:33","guid":{"rendered":"http:\/\/kasuari2.themesawesome.com\/contact\/"},"modified":"2026-04-15T08:21:26","modified_gmt":"2026-04-15T08:21:26","slug":"iletisim","status":"publish","type":"page","link":"https:\/\/defnerestoran.com.tr\/en\/iletisim\/","title":{"rendered":"Contact"},"content":{"rendered":"<div data-elementor-type=\"wp-post\" data-elementor-id=\"6\" class=\"elementor elementor-6\">\n\t\t\t\t\t\t<section class=\"elementor-section elementor-top-section elementor-element elementor-element-0f0d1a4 elementor-section-boxed elementor-section-height-default elementor-section-height-default\" data-id=\"0f0d1a4\" data-element_type=\"section\" data-e-type=\"section\" data-settings=\"{&quot;background_background&quot;:&quot;classic&quot;,&quot;shape_divider_bottom&quot;:&quot;tilt&quot;}\">\n\t\t\t\t\t\t\t<div class=\"elementor-background-overlay\"><\/div>\n\t\t\t\t\t\t<div class=\"elementor-shape elementor-shape-bottom\" aria-hidden=\"true\" data-negative=\"false\">\n\t\t\t<svg xmlns=\"http:\/\/www.w3.org\/2000\/svg\" viewbox=\"0 0 1000 100\" preserveaspectratio=\"none\">\n\t<path class=\"elementor-shape-fill\" d=\"M0,6V0h1000v100L0,6z\"\/>\n<\/svg>\t\t<\/div>\n\t\t\t\t\t<div class=\"elementor-container elementor-column-gap-default\">\n\t\t\t\t\t<div class=\"elementor-column elementor-col-100 elementor-top-column elementor-element elementor-element-548bb20\" data-id=\"548bb20\" data-element_type=\"column\" data-e-type=\"column\">\n\t\t\t<div class=\"elementor-widget-wrap elementor-element-populated\">\n\t\t\t\t\t\t<div class=\"elementor-element elementor-element-205b48e the-title-center elementor-widget elementor-widget-kasuari-head-title\" data-id=\"205b48e\" data-element_type=\"widget\" data-e-type=\"widget\" data-widget_type=\"kasuari-head-title.default\">\n\t\t\t\t<div class=\"elementor-widget-container\">\n\t\t\t\t\t<div class=\"head-title head-title-8 text-center clearfix\">\r\n\t<h2 class=\"the-title\">\r\n\t\tContact\t<\/h2>\r\n\t<\/div>\r\n\t\t\t\t\t\t<\/div>\n\t\t\t\t<\/div>\n\t\t\t\t\t<\/div>\n\t\t<\/div>\n\t\t\t\t\t<\/div>\n\t\t<\/section>\n\t\t\t\t<section class=\"elementor-section elementor-top-section elementor-element elementor-element-a40931f elementor-section-boxed elementor-section-height-default elementor-section-height-default\" data-id=\"a40931f\" data-element_type=\"section\" data-e-type=\"section\" data-settings=\"{&quot;background_background&quot;:&quot;classic&quot;}\">\n\t\t\t\t\t\t<div class=\"elementor-container elementor-column-gap-default\">\n\t\t\t\t\t<div class=\"elementor-column elementor-col-50 elementor-top-column elementor-element elementor-element-ab0750a\" data-id=\"ab0750a\" data-element_type=\"column\" data-e-type=\"column\">\n\t\t\t<div class=\"elementor-widget-wrap elementor-element-populated\">\n\t\t\t\t\t\t<div class=\"elementor-element elementor-element-a6cf033 the-title-left elementor-widget elementor-widget-kasuari-head-title\" data-id=\"a6cf033\" data-element_type=\"widget\" data-e-type=\"widget\" data-widget_type=\"kasuari-head-title.default\">\n\t\t\t\t<div class=\"elementor-widget-container\">\n\t\t\t\t\t<div class=\"head-title head-title-2 text-left clearfix\">\r\n\t<h2 class=\"the-title\">\r\n\t\t\t\tWrite to us\t<\/h2>\r\n<\/div>\r\n\t\t\t\t\t\t<\/div>\n\t\t\t\t<\/div>\n\t\t\t\t<div class=\"elementor-element elementor-element-ad1f59f elementor-widget elementor-widget-kasuari-text\" data-id=\"ad1f59f\" data-element_type=\"widget\" data-e-type=\"widget\" data-widget_type=\"kasuari-text.default\">\n\t\t\t\t<div class=\"elementor-widget-container\">\n\t\t\t\t\t<div class=\"kasuari-text clearfix\">\r\n<p>Defne Restaurant combines elegance and sophistication to offer our valued guests a unique dining experience.\u00a0<\/p><\/div>\t\t\t\t<\/div>\n\t\t\t\t<\/div>\n\t\t\t\t<div class=\"elementor-element elementor-element-6c0b25f elementor-position-left elementor-position-left elementor-vertical-align-middle elementor-vertical-align-top elementor-widget elementor-widget-image-box\" data-id=\"6c0b25f\" data-element_type=\"widget\" data-e-type=\"widget\" data-widget_type=\"image-box.default\">\n\t\t\t\t\t<div class=\"elementor-image-box-wrapper\"><figure class=\"elementor-image-box-img\"><img decoding=\"async\" width=\"64\" height=\"64\" src=\"https:\/\/defnerestoran.com.tr\/wp-content\/uploads\/2018\/02\/envelope-1.png\" class=\"attachment-full size-full wp-image-71\" alt=\"\" \/><\/figure><div class=\"elementor-image-box-content\"><h3 class=\"elementor-image-box-title\">E-mail:<\/h3><p class=\"elementor-image-box-description\">info@defnerestoran.com<\/p><\/div><\/div>\t\t\t\t<\/div>\n\t\t\t\t<div class=\"elementor-element elementor-element-814507a elementor-position-left elementor-position-left elementor-vertical-align-middle elementor-vertical-align-top elementor-widget elementor-widget-image-box\" data-id=\"814507a\" data-element_type=\"widget\" data-e-type=\"widget\" data-widget_type=\"image-box.default\">\n\t\t\t\t\t<div class=\"elementor-image-box-wrapper\"><figure class=\"elementor-image-box-img\"><img decoding=\"async\" src=\"https:\/\/kasuari2.themesawesome.com\/wp-content\/uploads\/sites\/112\/2018\/02\/phone.png\" title=\"\" alt=\"\" loading=\"lazy\" \/><\/figure><div class=\"elementor-image-box-content\"><h3 class=\"elementor-image-box-title\">Phone:<\/h3><p class=\"elementor-image-box-description\">+90 212 855 86 00<br>\n+90 535 206 08 50<\/p><\/div><\/div>\t\t\t\t<\/div>\n\t\t\t\t<div class=\"elementor-element elementor-element-ff5cffe elementor-position-left elementor-position-left elementor-vertical-align-middle elementor-vertical-align-top elementor-widget elementor-widget-image-box\" data-id=\"ff5cffe\" data-element_type=\"widget\" data-e-type=\"widget\" data-widget_type=\"image-box.default\">\n\t\t\t\t\t<div class=\"elementor-image-box-wrapper\"><figure class=\"elementor-image-box-img\"><img decoding=\"async\" width=\"64\" height=\"64\" src=\"https:\/\/defnerestoran.com.tr\/wp-content\/uploads\/2018\/02\/map-marker-1.png\" class=\"attachment-full size-full wp-image-72\" alt=\"\" \/><\/figure><div class=\"elementor-image-box-content\"><h3 class=\"elementor-image-box-title\">Address<\/h3><p class=\"elementor-image-box-description\">Address: Adnan Kahveci Mh. Sayaca Cd. Selma Sk. Ya\u015fam Vadisi Park \u0130\u00e7i Beylikd\u00fcz\u00fc, Istanbul<\/p><\/div><\/div>\t\t\t\t<\/div>\n\t\t\t\t\t<\/div>\n\t\t<\/div>\n\t\t\t\t<div class=\"elementor-column elementor-col-50 elementor-top-column elementor-element elementor-element-df62dbe\" data-id=\"df62dbe\" data-element_type=\"column\" data-e-type=\"column\" data-settings=\"{&quot;background_background&quot;:&quot;classic&quot;}\">\n\t\t\t<div class=\"elementor-widget-wrap elementor-element-populated\">\n\t\t\t\t\t<div class=\"elementor-background-overlay\"><\/div>\n\t\t\t\t\t\t<section class=\"elementor-section elementor-inner-section elementor-element elementor-element-afe94c2 elementor-section-boxed elementor-section-height-default elementor-section-height-default\" data-id=\"afe94c2\" data-element_type=\"section\" data-e-type=\"section\" data-settings=\"{&quot;background_background&quot;:&quot;classic&quot;}\">\n\t\t\t\t\t\t\t<div class=\"elementor-background-overlay\"><\/div>\n\t\t\t\t\t\t\t<div class=\"elementor-container elementor-column-gap-default\">\n\t\t\t\t\t<div class=\"elementor-column elementor-col-100 elementor-inner-column elementor-element elementor-element-7defae6 contact-custom\" data-id=\"7defae6\" data-element_type=\"column\" data-e-type=\"column\">\n\t\t\t<div class=\"elementor-widget-wrap elementor-element-populated\">\n\t\t\t\t\t\t<div class=\"elementor-element elementor-element-f9f9dbd elementor-widget elementor-widget-kasuari-contact-form\" data-id=\"f9f9dbd\" data-element_type=\"widget\" data-e-type=\"widget\" data-widget_type=\"kasuari-contact-form.default\">\n\t\t\t\t<div class=\"elementor-widget-container\">\n\t\t\t\t\t\r\n<div class=\"kasuari-contact-form\">\r\n\n<div class=\"wpcf7 no-js\" id=\"wpcf7-f299-o1\" lang=\"en-US\" dir=\"ltr\" data-wpcf7-id=\"299\">\n<div class=\"screen-reader-response\"><p role=\"status\" aria-live=\"polite\" aria-atomic=\"true\"><\/p> <ul><\/ul><\/div>\n<form action=\"\/en\/wp-json\/wp\/v2\/pages\/6#wpcf7-f299-o1\" method=\"post\" class=\"wpcf7-form init\" aria-label=\"Contact form\" novalidate=\"novalidate\" data-status=\"init\" data-trp-original-action=\"\/en\/wp-json\/wp\/v2\/pages\/6#wpcf7-f299-o1\">\n<fieldset class=\"hidden-fields-container\"><input type=\"hidden\" name=\"_wpcf7\" value=\"299\" \/><input type=\"hidden\" name=\"_wpcf7_version\" value=\"6.1.5\" \/><input type=\"hidden\" name=\"_wpcf7_locale\" value=\"en_US\" \/><input type=\"hidden\" name=\"_wpcf7_unit_tag\" value=\"wpcf7-f299-o1\" \/><input type=\"hidden\" name=\"_wpcf7_container_post\" value=\"0\" \/><input type=\"hidden\" name=\"_wpcf7_posted_data_hash\" value=\"\" \/>\n<\/fieldset>\n<div class=\"contact-form-style-1 clearfix\">\n\t<div class=\"contact-bordered item-column clearfix\">\n\t\t<p><span class=\"wpcf7-form-control-wrap\" data-name=\"your-name\"><input size=\"40\" maxlength=\"400\" class=\"wpcf7-form-control wpcf7-text wpcf7-validates-as-required\" aria-required=\"true\" aria-invalid=\"false\" placeholder=\"Name Surname\" value=\"\" type=\"text\" name=\"your-name\" \/><\/span><span class=\"contact-ef border-form-top\"><br \/>\n<\/span><br \/>\n<span class=\"contact-ef border-form-left\"><br \/>\n<\/span><br \/>\n<span class=\"contact-ef border-form-bottom\"><br \/>\n<\/span><br \/>\n<span class=\"contact-ef border-form-right\"><br \/>\n<\/span>\n\t\t<\/p>\n\t<\/div>\n\t<div class=\"contact-bordered item-column clearfix\">\n\t\t<p><span class=\"wpcf7-form-control-wrap\" data-name=\"your-email\"><input size=\"40\" maxlength=\"400\" class=\"wpcf7-form-control wpcf7-email wpcf7-validates-as-required wpcf7-text wpcf7-validates-as-email\" aria-required=\"true\" aria-invalid=\"false\" placeholder=\"E-Posta\" value=\"\" type=\"email\" name=\"your-email\" \/><\/span><span class=\"contact-ef border-form-top\"><br \/>\n<\/span><br \/>\n<span class=\"contact-ef border-form-left\"><br \/>\n<\/span><br \/>\n<span class=\"contact-ef border-form-bottom\"><br \/>\n<\/span><br \/>\n<span class=\"contact-ef border-form-right\"><br \/>\n<\/span>\n\t\t<\/p>\n\t<\/div>\n\t<div class=\"contact-bordered item-column clearfix\">\n\t\t<p><span class=\"wpcf7-form-control-wrap\" data-name=\"your-subject\"><input size=\"40\" maxlength=\"400\" class=\"wpcf7-form-control wpcf7-text\" aria-invalid=\"false\" placeholder=\"Konu\" value=\"\" type=\"text\" name=\"your-subject\" \/><\/span><span class=\"contact-ef border-form-top\"><br \/>\n<\/span><br \/>\n<span class=\"contact-ef border-form-left\"><br \/>\n<\/span><br \/>\n<span class=\"contact-ef border-form-bottom\"><br \/>\n<\/span><br \/>\n<span class=\"contact-ef border-form-right\"><br \/>\n<\/span>\n\t\t<\/p>\n\t<\/div>\n\t<div class=\"contact-bordered item-column text-area clearfix\">\n\t\t<p><span class=\"wpcf7-form-control-wrap\" data-name=\"your-message\"><textarea cols=\"40\" rows=\"10\" maxlength=\"2000\" class=\"wpcf7-form-control wpcf7-textarea\" aria-invalid=\"false\" placeholder=\"Mesaj\u0131n\u0131z\" name=\"your-message\"><\/textarea><\/span><span class=\"contact-ef border-form-top\"><br \/>\n<\/span><br \/>\n<span class=\"contact-ef border-form-left\"><br \/>\n<\/span><br \/>\n<span class=\"contact-ef border-form-bottom\"><br \/>\n<\/span><br \/>\n<span class=\"contact-ef border-form-right\"><br \/>\n<\/span>\n\t\t<\/p>\n\t<\/div>\n\t<div class=\"contact-submit clearfix\">\n\t\t<p><input class=\"wpcf7-form-control wpcf7-submit has-spinner\" type=\"submit\" value=\"Send\" \/>\n\t\t<\/p>\n\t<\/div>\n<\/div><input type='hidden' class='wpcf7-pum' value='{\"closepopup\":false,\"closedelay\":0,\"openpopup\":false,\"openpopup_id\":0}' \/><div class=\"wpcf7-response-output\" aria-hidden=\"true\"><\/div>\n<input type=\"hidden\" name=\"trp-form-language\" value=\"en\"\/><\/form>\n<\/div>\n<\/div>\r\n\r\n\t\t\t\t<\/div>\n\t\t\t\t<\/div>\n\t\t\t\t\t<\/div>\n\t\t<\/div>\n\t\t\t\t\t<\/div>\n\t\t<\/section>\n\t\t\t\t\t<\/div>\n\t\t<\/div>\n\t\t\t\t\t<\/div>\n\t\t<\/section>\n\t\t\t\t<section class=\"elementor-section elementor-top-section elementor-element elementor-element-1dc47cc elementor-section-full_width elementor-section-height-default elementor-section-height-default\" data-id=\"1dc47cc\" data-element_type=\"section\" data-e-type=\"section\">\n\t\t\t\t\t\t<div class=\"elementor-container elementor-column-gap-no\">\n\t\t\t\t\t<div class=\"elementor-column elementor-col-100 elementor-top-column elementor-element elementor-element-0cdfb35\" data-id=\"0cdfb35\" data-element_type=\"column\" data-e-type=\"column\">\n\t\t\t<div class=\"elementor-widget-wrap elementor-element-populated\">\n\t\t\t\t\t\t<div class=\"elementor-element elementor-element-603b93f elementor-widget elementor-widget-google_maps\" data-id=\"603b93f\" data-element_type=\"widget\" data-e-type=\"widget\" data-widget_type=\"google_maps.default\">\n\t\t\t\t\t\t\t<div class=\"elementor-custom-embed\">\n\t\t\t<iframe loading=\"lazy\"\n\t\t\t\t\tsrc=\"https:\/\/maps.google.com\/maps?q=defne%20restoran&#038;t=m&#038;z=16&#038;output=embed&#038;iwloc=near\"\n\t\t\t\t\ttitle=\"defne restoran\"\n\t\t\t\t\taria-label=\"defne restoran\"\n\t\t\t><\/iframe>\n\t\t<\/div>\n\t\t\t\t\t\t<\/div>\n\t\t\t\t\t<\/div>\n\t\t<\/div>\n\t\t\t\t\t<\/div>\n\t\t<\/section>\n\t\t\t\t<\/div>","protected":false},"excerpt":{"rendered":"<p>E-mail: info@defnerestoran.com Telefon: +90 212 855 86 00 +90 535 206 08 50 Adres: Adnan Kahveci Mh. Sayaca Cd. Selma Sk. Ya\u015fam Vadisi Park \u0130\u00e7i Beylikd\u00fcz\u00fc, \u0130stanbul<\/p>","protected":false},"author":1,"featured_media":1929,"parent":0,"menu_order":0,"comment_status":"closed","ping_status":"closed","template":"template\/page-builder-template.php","meta":{"inline_featured_image":false,"_monsterinsights_skip_tracking":false,"_monsterinsights_sitenote_active":false,"_monsterinsights_sitenote_note":"","_monsterinsights_sitenote_category":0,"footnotes":""},"class_list":["post-6","page","type-page","status-publish","has-post-thumbnail","hentry"],"acf":[],"aioseo_notices":[],"_hostinger_reach_plugin_has_subscription_block":false,"_hostinger_reach_plugin_is_elementor":false,"_links":{"self":[{"href":"https:\/\/defnerestoran.com.tr\/en\/wp-json\/wp\/v2\/pages\/6","targetHints":{"allow":["GET"]}}],"collection":[{"href":"https:\/\/defnerestoran.com.tr\/en\/wp-json\/wp\/v2\/pages"}],"about":[{"href":"https:\/\/defnerestoran.com.tr\/en\/wp-json\/wp\/v2\/types\/page"}],"author":[{"embeddable":true,"href":"https:\/\/defnerestoran.com.tr\/en\/wp-json\/wp\/v2\/users\/1"}],"replies":[{"embeddable":true,"href":"https:\/\/defnerestoran.com.tr\/en\/wp-json\/wp\/v2\/comments?post=6"}],"version-history":[{"count":37,"href":"https:\/\/defnerestoran.com.tr\/en\/wp-json\/wp\/v2\/pages\/6\/revisions"}],"predecessor-version":[{"id":2104,"href":"https:\/\/defnerestoran.com.tr\/en\/wp-json\/wp\/v2\/pages\/6\/revisions\/2104"}],"wp:featuredmedia":[{"embeddable":true,"href":"https:\/\/defnerestoran.com.tr\/en\/wp-json\/wp\/v2\/media\/1929"}],"wp:attachment":[{"href":"https:\/\/defnerestoran.com.tr\/en\/wp-json\/wp\/v2\/media?parent=6"}],"curies":[{"name":"wp","href":"https:\/\/api.w.org\/{rel}","templated":true}]}}